{"id":103,"date":"2022-08-07T18:52:01","date_gmt":"2022-08-07T18:52:01","guid":{"rendered":"https:\/\/ledyandrade.com\/?page_id=103"},"modified":"2022-08-08T15:27:14","modified_gmt":"2022-08-08T15:27:14","slug":"carreira-com-alma","status":"publish","type":"page","link":"https:\/\/ledyandrade.com\/?page_id=103","title":{"rendered":"Carreira com Alma | Imers\u00e3o"},"content":{"rendered":"\n<div style=\"height:42px\" aria-hidden=\"true\" class=\"wp-block-spacer\"><\/div>\n\n\n\n<figure class=\"wp-block-image alignfull size-full\"><img loading=\"lazy\" decoding=\"async\" width=\"600\" height=\"128\" src=\"https:\/\/ledyandrade.com\/wp-content\/uploads\/2022\/08\/Copia-de-Copia-de-Inserir-um-titulo-6.png\" alt=\"\" class=\"wp-image-104\" srcset=\"https:\/\/ledyandrade.com\/wp-content\/uploads\/2022\/08\/Copia-de-Copia-de-Inserir-um-titulo-6.png 600w, https:\/\/ledyandrade.com\/wp-content\/uploads\/2022\/08\/Copia-de-Copia-de-Inserir-um-titulo-6-300x64.png 300w\" sizes=\"auto, (max-width: 600px) 100vw, 600px\" \/><\/figure>\n\n\n\n<div style=\"height:14px\" aria-hidden=\"true\" class=\"wp-block-spacer\"><\/div>\n\n\n\n<figure class=\"wp-block-embed aligncenter is-type-video is-provider-youtube wp-block-embed-youtube wp-embed-aspect-16-9 wp-has-aspect-ratio\"><div class=\"wp-block-embed__wrapper\">\n<div class=\"nv-iframe-embed\"><iframe loading=\"lazy\" title=\"Imers\u00e3o | Carreira com alma\" width=\"1200\" height=\"675\" src=\"https:\/\/www.youtube.com\/embed\/tOhL9VukhXY?feature=oembed\" frameborder=\"0\" allow=\"accelerometer; autoplay; clipboard-write; encrypted-media; gyroscope; picture-in-picture\" allowfullscreen><\/iframe><\/div>\n<\/div><\/figure>\n\n\n\n<div style=\"height:45px\" aria-hidden=\"true\" class=\"wp-block-spacer\"><\/div>\n\n\n\n<h2 class=\"has-text-align-center wp-block-heading\">Sobre o seu (re)come\u00e7o, o seu (re)encontro<\/h2>\n\n\n<div class=\"wp-block-image\">\n<figure class=\"aligncenter size-large is-resized\"><img loading=\"lazy\" decoding=\"async\" src=\"https:\/\/ledyandrade.com\/wp-content\/uploads\/2022\/08\/Copia-de-copys-pagina-vendas-comunidade-1920-px-\u00d7-1500-px-1920-px-\u00d7-1900-px-1-1024x1013.png\" alt=\"\" class=\"wp-image-106\" width=\"661\" height=\"653\" srcset=\"https:\/\/ledyandrade.com\/wp-content\/uploads\/2022\/08\/Copia-de-copys-pagina-vendas-comunidade-1920-px-\u00d7-1500-px-1920-px-\u00d7-1900-px-1-1024x1013.png 1024w, https:\/\/ledyandrade.com\/wp-content\/uploads\/2022\/08\/Copia-de-copys-pagina-vendas-comunidade-1920-px-\u00d7-1500-px-1920-px-\u00d7-1900-px-1-300x297.png 300w, https:\/\/ledyandrade.com\/wp-content\/uploads\/2022\/08\/Copia-de-copys-pagina-vendas-comunidade-1920-px-\u00d7-1500-px-1920-px-\u00d7-1900-px-1-768x760.png 768w, https:\/\/ledyandrade.com\/wp-content\/uploads\/2022\/08\/Copia-de-copys-pagina-vendas-comunidade-1920-px-\u00d7-1500-px-1920-px-\u00d7-1900-px-1-1536x1520.png 1536w, https:\/\/ledyandrade.com\/wp-content\/uploads\/2022\/08\/Copia-de-copys-pagina-vendas-comunidade-1920-px-\u00d7-1500-px-1920-px-\u00d7-1900-px-1.png 1920w\" sizes=\"auto, (max-width: 661px) 100vw, 661px\" \/><\/figure>\n<\/div>\n\n\n<h3 class=\"has-text-align-center wp-block-heading\">A Imers\u00e3o vai te ajudar a:<\/h3>\n\n\n<div class=\"wp-block-image\">\n<figure class=\"aligncenter size-large is-resized\"><img loading=\"lazy\" decoding=\"async\" src=\"https:\/\/ledyandrade.com\/wp-content\/uploads\/2022\/08\/Copia-de-copys-pagina-vendas-comunidade-1920-px-\u00d7-1500-px-1920-px-\u00d7-1900-px-1024x1013.png\" alt=\"\" class=\"wp-image-112\" width=\"657\" height=\"650\" srcset=\"https:\/\/ledyandrade.com\/wp-content\/uploads\/2022\/08\/Copia-de-copys-pagina-vendas-comunidade-1920-px-\u00d7-1500-px-1920-px-\u00d7-1900-px-1024x1013.png 1024w, https:\/\/ledyandrade.com\/wp-content\/uploads\/2022\/08\/Copia-de-copys-pagina-vendas-comunidade-1920-px-\u00d7-1500-px-1920-px-\u00d7-1900-px-300x297.png 300w, https:\/\/ledyandrade.com\/wp-content\/uploads\/2022\/08\/Copia-de-copys-pagina-vendas-comunidade-1920-px-\u00d7-1500-px-1920-px-\u00d7-1900-px-768x760.png 768w, https:\/\/ledyandrade.com\/wp-content\/uploads\/2022\/08\/Copia-de-copys-pagina-vendas-comunidade-1920-px-\u00d7-1500-px-1920-px-\u00d7-1900-px-1536x1520.png 1536w, https:\/\/ledyandrade.com\/wp-content\/uploads\/2022\/08\/Copia-de-copys-pagina-vendas-comunidade-1920-px-\u00d7-1500-px-1920-px-\u00d7-1900-px.png 1920w\" sizes=\"auto, (max-width: 657px) 100vw, 657px\" \/><\/figure>\n<\/div>\n\n\n<h3 class=\"has-text-align-center wp-block-heading\">Como vai funcionar?<\/h3>\n\n\n<div class=\"wp-block-image\">\n<figure class=\"aligncenter size-full is-resized\"><img loading=\"lazy\" decoding=\"async\" src=\"https:\/\/ledyandrade.com\/wp-content\/uploads\/2022\/08\/Copia-de-copys-pagina-vendas-comunidade-1920-px-\u00d7-1500-px-1920-px-\u00d7-1900-px-1920-px-\u00d7-1500-px-1000-px-\u00d7-300-px.png\" alt=\"\" class=\"wp-image-111\" width=\"659\" height=\"198\" srcset=\"https:\/\/ledyandrade.com\/wp-content\/uploads\/2022\/08\/Copia-de-copys-pagina-vendas-comunidade-1920-px-\u00d7-1500-px-1920-px-\u00d7-1900-px-1920-px-\u00d7-1500-px-1000-px-\u00d7-300-px.png 1000w, https:\/\/ledyandrade.com\/wp-content\/uploads\/2022\/08\/Copia-de-copys-pagina-vendas-comunidade-1920-px-\u00d7-1500-px-1920-px-\u00d7-1900-px-1920-px-\u00d7-1500-px-1000-px-\u00d7-300-px-300x90.png 300w, https:\/\/ledyandrade.com\/wp-content\/uploads\/2022\/08\/Copia-de-copys-pagina-vendas-comunidade-1920-px-\u00d7-1500-px-1920-px-\u00d7-1900-px-1920-px-\u00d7-1500-px-1000-px-\u00d7-300-px-768x230.png 768w\" sizes=\"auto, (max-width: 659px) 100vw, 659px\" \/><\/figure>\n<\/div>\n\n<div class=\"wp-block-image\">\n<figure class=\"aligncenter size-full is-resized\"><img loading=\"lazy\" decoding=\"async\" src=\"http:\/\/ledyandrade.com\/wp-content\/uploads\/2022\/08\/Copia-de-copys-pagina-vendas-comunidade-1920-px-\u00d7-1500-px-1920-px-\u00d7-1900-px-1920-px-\u00d7-1500-px-1000-px-\u00d7-300-px-4-1.png\" alt=\"\" class=\"wp-image-109\" width=\"658\" height=\"197\" srcset=\"https:\/\/ledyandrade.com\/wp-content\/uploads\/2022\/08\/Copia-de-copys-pagina-vendas-comunidade-1920-px-\u00d7-1500-px-1920-px-\u00d7-1900-px-1920-px-\u00d7-1500-px-1000-px-\u00d7-300-px-4-1.png 1000w, https:\/\/ledyandrade.com\/wp-content\/uploads\/2022\/08\/Copia-de-copys-pagina-vendas-comunidade-1920-px-\u00d7-1500-px-1920-px-\u00d7-1900-px-1920-px-\u00d7-1500-px-1000-px-\u00d7-300-px-4-1-300x90.png 300w, https:\/\/ledyandrade.com\/wp-content\/uploads\/2022\/08\/Copia-de-copys-pagina-vendas-comunidade-1920-px-\u00d7-1500-px-1920-px-\u00d7-1900-px-1920-px-\u00d7-1500-px-1000-px-\u00d7-300-px-4-1-768x230.png 768w\" sizes=\"auto, (max-width: 658px) 100vw, 658px\" \/><\/figure>\n<\/div>\n\n\n<hr class=\"wp-block-separator has-alpha-channel-opacity\"\/>\n\n\n\n<h5 class=\"alignwide has-text-align-center wp-block-heading\">As incri\u00e7\u00f5es est\u00e3o fechadas, mas voc\u00ea pode se inscrever na lista de espera e garantir um desconto de 20% quando abrir:<\/h5>\n\n\n\n<div class=\"wp-block-group alignwide\"><div class=\"wp-block-group__inner-container is-layout-flow wp-block-group-is-layout-flow\"><\/div><\/div>\n","protected":false},"excerpt":{"rendered":"<p>Sobre o seu (re)come\u00e7o, o seu (re)encontro A Imers\u00e3o vai te ajudar a: Como vai funcionar? As incri\u00e7\u00f5es est\u00e3o fechadas, mas voc\u00ea pode se inscrever na lista de espera e garantir um desconto de 20% quando abrir:<\/p>\n","protected":false},"author":1,"featured_media":0,"parent":0,"menu_order":0,"comment_status":"closed","ping_status":"closed","template":"","meta":{"neve_meta_sidebar":"","neve_meta_container":"","neve_meta_enable_content_width":"","neve_meta_content_width":0,"neve_meta_title_alignment":"","neve_meta_author_avatar":"","neve_post_elements_order":"","neve_meta_disable_header":"off","neve_meta_disable_footer":"","neve_meta_disable_title":"on","footnotes":""},"class_list":["post-103","page","type-page","status-publish","hentry"],"yoast_head":"<!-- This site is optimized with the Yoast SEO plugin v20.10 - https:\/\/yoast.com\/wordpress\/plugins\/seo\/ -->\n<title>Carreira com Alma | Imers\u00e3o - Ledy Andrade<\/title>\n<meta name=\"robots\" content=\"index, follow, max-snippet:-1, max-image-preview:large, max-video-preview:-1\" \/>\n<link rel=\"canonical\" href=\"https:\/\/ledyandrade.com\/?page_id=103\" \/>\n<meta property=\"og:locale\" content=\"en_US\" \/>\n<meta property=\"og:type\" content=\"article\" \/>\n<meta property=\"og:title\" content=\"Carreira com Alma | Imers\u00e3o - Ledy Andrade\" \/>\n<meta property=\"og:description\" content=\"Sobre o seu (re)come\u00e7o, o seu (re)encontro A Imers\u00e3o vai te ajudar a: Como vai funcionar? As incri\u00e7\u00f5es est\u00e3o fechadas, mas voc\u00ea pode se inscrever na lista de espera e garantir um desconto de 20% quando abrir:\" \/>\n<meta property=\"og:url\" content=\"https:\/\/ledyandrade.com\/?page_id=103\" \/>\n<meta property=\"og:site_name\" content=\"Ledy Andrade\" \/>\n<meta property=\"article:modified_time\" content=\"2022-08-08T15:27:14+00:00\" \/>\n<meta property=\"og:image\" content=\"https:\/\/ledyandrade.com\/wp-content\/uploads\/2022\/08\/Copia-de-Copia-de-Inserir-um-titulo-6.png\" \/>\n<meta name=\"twitter:card\" content=\"summary_large_image\" \/>\n<meta name=\"twitter:label1\" content=\"Est. reading time\" \/>\n\t<meta name=\"twitter:data1\" content=\"2 minutes\" \/>\n<script type=\"application\/ld+json\" class=\"yoast-schema-graph\">{\"@context\":\"https:\/\/schema.org\",\"@graph\":[{\"@type\":\"WebPage\",\"@id\":\"https:\/\/ledyandrade.com\/?page_id=103\",\"url\":\"https:\/\/ledyandrade.com\/?page_id=103\",\"name\":\"Carreira com Alma | Imers\u00e3o - Ledy Andrade\",\"isPartOf\":{\"@id\":\"https:\/\/ledyandrade.com\/#website\"},\"datePublished\":\"2022-08-07T18:52:01+00:00\",\"dateModified\":\"2022-08-08T15:27:14+00:00\",\"breadcrumb\":{\"@id\":\"https:\/\/ledyandrade.com\/?page_id=103#breadcrumb\"},\"inLanguage\":\"en-US\",\"potentialAction\":[{\"@type\":\"ReadAction\",\"target\":[\"https:\/\/ledyandrade.com\/?page_id=103\"]}]},{\"@type\":\"BreadcrumbList\",\"@id\":\"https:\/\/ledyandrade.com\/?page_id=103#breadcrumb\",\"itemListElement\":[{\"@type\":\"ListItem\",\"position\":1,\"name\":\"Home\",\"item\":\"https:\/\/ledyandrade.com\/\"},{\"@type\":\"ListItem\",\"position\":2,\"name\":\"Carreira com Alma | Imers\u00e3o\"}]},{\"@type\":\"WebSite\",\"@id\":\"https:\/\/ledyandrade.com\/#website\",\"url\":\"https:\/\/ledyandrade.com\/\",\"name\":\"Ledy Andrade\",\"description\":\"\",\"potentialAction\":[{\"@type\":\"SearchAction\",\"target\":{\"@type\":\"EntryPoint\",\"urlTemplate\":\"https:\/\/ledyandrade.com\/?s={search_term_string}\"},\"query-input\":\"required name=search_term_string\"}],\"inLanguage\":\"en-US\"}]}<\/script>\n<!-- \/ Yoast SEO plugin. -->","yoast_head_json":{"title":"Carreira com Alma | Imers\u00e3o - Ledy Andrade","robots":{"index":"index","follow":"follow","max-snippet":"max-snippet:-1","max-image-preview":"max-image-preview:large","max-video-preview":"max-video-preview:-1"},"canonical":"https:\/\/ledyandrade.com\/?page_id=103","og_locale":"en_US","og_type":"article","og_title":"Carreira com Alma | Imers\u00e3o - Ledy Andrade","og_description":"Sobre o seu (re)come\u00e7o, o seu (re)encontro A Imers\u00e3o vai te ajudar a: Como vai funcionar? As incri\u00e7\u00f5es est\u00e3o fechadas, mas voc\u00ea pode se inscrever na lista de espera e garantir um desconto de 20% quando abrir:","og_url":"https:\/\/ledyandrade.com\/?page_id=103","og_site_name":"Ledy Andrade","article_modified_time":"2022-08-08T15:27:14+00:00","og_image":[{"url":"https:\/\/ledyandrade.com\/wp-content\/uploads\/2022\/08\/Copia-de-Copia-de-Inserir-um-titulo-6.png"}],"twitter_card":"summary_large_image","twitter_misc":{"Est. reading time":"2 minutes"},"schema":{"@context":"https:\/\/schema.org","@graph":[{"@type":"WebPage","@id":"https:\/\/ledyandrade.com\/?page_id=103","url":"https:\/\/ledyandrade.com\/?page_id=103","name":"Carreira com Alma | Imers\u00e3o - Ledy Andrade","isPartOf":{"@id":"https:\/\/ledyandrade.com\/#website"},"datePublished":"2022-08-07T18:52:01+00:00","dateModified":"2022-08-08T15:27:14+00:00","breadcrumb":{"@id":"https:\/\/ledyandrade.com\/?page_id=103#breadcrumb"},"inLanguage":"en-US","potentialAction":[{"@type":"ReadAction","target":["https:\/\/ledyandrade.com\/?page_id=103"]}]},{"@type":"BreadcrumbList","@id":"https:\/\/ledyandrade.com\/?page_id=103#breadcrumb","itemListElement":[{"@type":"ListItem","position":1,"name":"Home","item":"https:\/\/ledyandrade.com\/"},{"@type":"ListItem","position":2,"name":"Carreira com Alma | Imers\u00e3o"}]},{"@type":"WebSite","@id":"https:\/\/ledyandrade.com\/#website","url":"https:\/\/ledyandrade.com\/","name":"Ledy Andrade","description":"","potentialAction":[{"@type":"SearchAction","target":{"@type":"EntryPoint","urlTemplate":"https:\/\/ledyandrade.com\/?s={search_term_string}"},"query-input":"required name=search_term_string"}],"inLanguage":"en-US"}]}},"_links":{"self":[{"href":"https:\/\/ledyandrade.com\/index.php?rest_route=\/wp\/v2\/pages\/103","targetHints":{"allow":["GET"]}}],"collection":[{"href":"https:\/\/ledyandrade.com\/index.php?rest_route=\/wp\/v2\/pages"}],"about":[{"href":"https:\/\/ledyandrade.com\/index.php?rest_route=\/wp\/v2\/types\/page"}],"author":[{"embeddable":true,"href":"https:\/\/ledyandrade.com\/index.php?rest_route=\/wp\/v2\/users\/1"}],"replies":[{"embeddable":true,"href":"https:\/\/ledyandrade.com\/index.php?rest_route=%2Fwp%2Fv2%2Fcomments&post=103"}],"version-history":[{"count":0,"href":"https:\/\/ledyandrade.com\/index.php?rest_route=\/wp\/v2\/pages\/103\/revisions"}],"wp:attachment":[{"href":"https:\/\/ledyandrade.com\/index.php?rest_route=%2Fwp%2Fv2%2Fmedia&parent=103"}],"curies":[{"name":"wp","href":"https:\/\/api.w.org\/{rel}","templated":true}]}}