{"id":39,"date":"2022-08-07T12:14:59","date_gmt":"2022-08-07T12:14:59","guid":{"rendered":"https:\/\/testando.ledyandrade.com\/?page_id=39"},"modified":"2022-08-08T15:08:51","modified_gmt":"2022-08-08T15:08:51","slug":"newsletter","status":"publish","type":"page","link":"https:\/\/ledyandrade.com\/?page_id=39","title":{"rendered":"Newsletter"},"content":{"rendered":"\n<div class=\"wp-block-cover alignfull\" style=\"min-height:380px;aspect-ratio:unset;\"><span aria-hidden=\"true\" class=\"wp-block-cover__background has-background-dim\"><\/span><img loading=\"lazy\" decoding=\"async\" width=\"1640\" height=\"500\" class=\"wp-block-cover__image-background wp-image-102\" alt=\"\" src=\"http:\/\/ledyandrade.com\/wp-content\/uploads\/2022\/08\/Capa-sites-ledy-3.png\" data-object-fit=\"cover\" srcset=\"https:\/\/ledyandrade.com\/wp-content\/uploads\/2022\/08\/Capa-sites-ledy-3.png 1640w, https:\/\/ledyandrade.com\/wp-content\/uploads\/2022\/08\/Capa-sites-ledy-3-300x91.png 300w, https:\/\/ledyandrade.com\/wp-content\/uploads\/2022\/08\/Capa-sites-ledy-3-1024x312.png 1024w, https:\/\/ledyandrade.com\/wp-content\/uploads\/2022\/08\/Capa-sites-ledy-3-768x234.png 768w, https:\/\/ledyandrade.com\/wp-content\/uploads\/2022\/08\/Capa-sites-ledy-3-1536x468.png 1536w\" sizes=\"auto, (max-width: 1640px) 100vw, 1640px\" \/><div class=\"wp-block-cover__inner-container is-layout-flow wp-block-cover-is-layout-flow\">\n<p class=\"has-text-align-center has-large-font-size\"><\/p>\n<\/div><\/div>\n\n\n\n<div style=\"height:55px\" aria-hidden=\"true\" class=\"wp-block-spacer\"><\/div>\n\n\n\n<p>Fragmentos de momentos, reflex\u00f5es, mudan\u00e7as, d\u00favidas, acertos, erros &amp; aprendizados sobre o processo, sobre reajustes, sobre a jornada, do lado de c\u00e1. Escrevo para dividir, incentivar, movimentar, encorajar, a minha jornada e a sua.<\/p>\n\n\n\n<p>Todas as <strong>sextas-feiras<\/strong>, \u00e0s <strong>06:55 da manh\u00e3<\/strong> voc\u00ea vai me receber na sua caixa de entrada.<\/p>\n\n\n\n<p>Para se inscrever na Newsletter, basta se cadastrar abaixo:<\/p>\n\n\n\n<iframe loading=\"lazy\" src=\"https:\/\/ledyandrade.substack.com\/embed\" width=\"1900\" height=\"320\" style=\"border:1px solid #EEE; background:white;\" frameborder=\"0\" scrolling=\"no\"><\/iframe>\n\n\n\n<div style=\"height:65px\" aria-hidden=\"true\" class=\"wp-block-spacer\"><\/div>\n","protected":false},"excerpt":{"rendered":"<p>Fragmentos de momentos, reflex\u00f5es, mudan\u00e7as, d\u00favidas, acertos, erros &amp; aprendizados sobre o processo, sobre reajustes, sobre a jornada, do lado de c\u00e1. Escrevo para dividir, incentivar, movimentar, encorajar, a minha jornada e a sua. Todas as sextas-feiras, \u00e0s 06:55 da manh\u00e3 voc\u00ea vai me receber na sua caixa de entrada. Para se inscrever na Newsletter,&hellip;&nbsp;<a href=\"https:\/\/ledyandrade.com\/?page_id=39\" class=\"\" rel=\"bookmark\">Read More &raquo;<span class=\"screen-reader-text\">Newsletter<\/span><\/a><\/p>\n","protected":false},"author":1,"featured_media":0,"parent":0,"menu_order":0,"comment_status":"closed","ping_status":"closed","template":"","meta":{"neve_meta_sidebar":"","neve_meta_container":"","neve_meta_enable_content_width":"","neve_meta_content_width":0,"neve_meta_title_alignment":"","neve_meta_author_avatar":"","neve_post_elements_order":"","neve_meta_disable_header":"","neve_meta_disable_footer":"","neve_meta_disable_title":"","footnotes":""},"class_list":["post-39","page","type-page","status-publish","hentry"],"yoast_head":"<!-- This site is optimized with the Yoast SEO plugin v20.10 - https:\/\/yoast.com\/wordpress\/plugins\/seo\/ -->\n<title>Newsletter - Ledy Andrade<\/title>\n<meta name=\"robots\" content=\"index, follow, max-snippet:-1, max-image-preview:large, max-video-preview:-1\" \/>\n<link rel=\"canonical\" href=\"https:\/\/ledyandrade.com\/?page_id=39\" \/>\n<meta property=\"og:locale\" content=\"en_US\" \/>\n<meta property=\"og:type\" content=\"article\" \/>\n<meta property=\"og:title\" content=\"Newsletter - Ledy Andrade\" \/>\n<meta property=\"og:description\" content=\"Fragmentos de momentos, reflex\u00f5es, mudan\u00e7as, d\u00favidas, acertos, erros &amp; aprendizados sobre o processo, sobre reajustes, sobre a jornada, do lado de c\u00e1. Escrevo para dividir, incentivar, movimentar, encorajar, a minha jornada e a sua. Todas as sextas-feiras, \u00e0s 06:55 da manh\u00e3 voc\u00ea vai me receber na sua caixa de entrada. Para se inscrever na Newsletter,&hellip;&nbsp;Read More &raquo;Newsletter\" \/>\n<meta property=\"og:url\" content=\"https:\/\/ledyandrade.com\/?page_id=39\" \/>\n<meta property=\"og:site_name\" content=\"Ledy Andrade\" \/>\n<meta property=\"article:modified_time\" content=\"2022-08-08T15:08:51+00:00\" \/>\n<meta property=\"og:image\" content=\"http:\/\/ledyandrade.com\/wp-content\/uploads\/2022\/08\/Capa-sites-ledy-3.png\" \/>\n<meta name=\"twitter:card\" content=\"summary_large_image\" \/>\n<meta name=\"twitter:label1\" content=\"Est. reading time\" \/>\n\t<meta name=\"twitter:data1\" content=\"1 minute\" \/>\n<script type=\"application\/ld+json\" class=\"yoast-schema-graph\">{\"@context\":\"https:\/\/schema.org\",\"@graph\":[{\"@type\":\"WebPage\",\"@id\":\"https:\/\/ledyandrade.com\/?page_id=39\",\"url\":\"https:\/\/ledyandrade.com\/?page_id=39\",\"name\":\"Newsletter - Ledy Andrade\",\"isPartOf\":{\"@id\":\"https:\/\/ledyandrade.com\/#website\"},\"datePublished\":\"2022-08-07T12:14:59+00:00\",\"dateModified\":\"2022-08-08T15:08:51+00:00\",\"breadcrumb\":{\"@id\":\"https:\/\/ledyandrade.com\/?page_id=39#breadcrumb\"},\"inLanguage\":\"en-US\",\"potentialAction\":[{\"@type\":\"ReadAction\",\"target\":[\"https:\/\/ledyandrade.com\/?page_id=39\"]}]},{\"@type\":\"BreadcrumbList\",\"@id\":\"https:\/\/ledyandrade.com\/?page_id=39#breadcrumb\",\"itemListElement\":[{\"@type\":\"ListItem\",\"position\":1,\"name\":\"Home\",\"item\":\"https:\/\/ledyandrade.com\/\"},{\"@type\":\"ListItem\",\"position\":2,\"name\":\"Newsletter\"}]},{\"@type\":\"WebSite\",\"@id\":\"https:\/\/ledyandrade.com\/#website\",\"url\":\"https:\/\/ledyandrade.com\/\",\"name\":\"Ledy Andrade\",\"description\":\"\",\"potentialAction\":[{\"@type\":\"SearchAction\",\"target\":{\"@type\":\"EntryPoint\",\"urlTemplate\":\"https:\/\/ledyandrade.com\/?s={search_term_string}\"},\"query-input\":\"required name=search_term_string\"}],\"inLanguage\":\"en-US\"}]}<\/script>\n<!-- \/ Yoast SEO plugin. -->","yoast_head_json":{"title":"Newsletter - Ledy Andrade","robots":{"index":"index","follow":"follow","max-snippet":"max-snippet:-1","max-image-preview":"max-image-preview:large","max-video-preview":"max-video-preview:-1"},"canonical":"https:\/\/ledyandrade.com\/?page_id=39","og_locale":"en_US","og_type":"article","og_title":"Newsletter - Ledy Andrade","og_description":"Fragmentos de momentos, reflex\u00f5es, mudan\u00e7as, d\u00favidas, acertos, erros &amp; aprendizados sobre o processo, sobre reajustes, sobre a jornada, do lado de c\u00e1. Escrevo para dividir, incentivar, movimentar, encorajar, a minha jornada e a sua. Todas as sextas-feiras, \u00e0s 06:55 da manh\u00e3 voc\u00ea vai me receber na sua caixa de entrada. Para se inscrever na Newsletter,&hellip;&nbsp;Read More &raquo;Newsletter","og_url":"https:\/\/ledyandrade.com\/?page_id=39","og_site_name":"Ledy Andrade","article_modified_time":"2022-08-08T15:08:51+00:00","og_image":[{"url":"http:\/\/ledyandrade.com\/wp-content\/uploads\/2022\/08\/Capa-sites-ledy-3.png"}],"twitter_card":"summary_large_image","twitter_misc":{"Est. reading time":"1 minute"},"schema":{"@context":"https:\/\/schema.org","@graph":[{"@type":"WebPage","@id":"https:\/\/ledyandrade.com\/?page_id=39","url":"https:\/\/ledyandrade.com\/?page_id=39","name":"Newsletter - Ledy Andrade","isPartOf":{"@id":"https:\/\/ledyandrade.com\/#website"},"datePublished":"2022-08-07T12:14:59+00:00","dateModified":"2022-08-08T15:08:51+00:00","breadcrumb":{"@id":"https:\/\/ledyandrade.com\/?page_id=39#breadcrumb"},"inLanguage":"en-US","potentialAction":[{"@type":"ReadAction","target":["https:\/\/ledyandrade.com\/?page_id=39"]}]},{"@type":"BreadcrumbList","@id":"https:\/\/ledyandrade.com\/?page_id=39#breadcrumb","itemListElement":[{"@type":"ListItem","position":1,"name":"Home","item":"https:\/\/ledyandrade.com\/"},{"@type":"ListItem","position":2,"name":"Newsletter"}]},{"@type":"WebSite","@id":"https:\/\/ledyandrade.com\/#website","url":"https:\/\/ledyandrade.com\/","name":"Ledy Andrade","description":"","potentialAction":[{"@type":"SearchAction","target":{"@type":"EntryPoint","urlTemplate":"https:\/\/ledyandrade.com\/?s={search_term_string}"},"query-input":"required name=search_term_string"}],"inLanguage":"en-US"}]}},"_links":{"self":[{"href":"https:\/\/ledyandrade.com\/index.php?rest_route=\/wp\/v2\/pages\/39","targetHints":{"allow":["GET"]}}],"collection":[{"href":"https:\/\/ledyandrade.com\/index.php?rest_route=\/wp\/v2\/pages"}],"about":[{"href":"https:\/\/ledyandrade.com\/index.php?rest_route=\/wp\/v2\/types\/page"}],"author":[{"embeddable":true,"href":"https:\/\/ledyandrade.com\/index.php?rest_route=\/wp\/v2\/users\/1"}],"replies":[{"embeddable":true,"href":"https:\/\/ledyandrade.com\/index.php?rest_route=%2Fwp%2Fv2%2Fcomments&post=39"}],"version-history":[{"count":0,"href":"https:\/\/ledyandrade.com\/index.php?rest_route=\/wp\/v2\/pages\/39\/revisions"}],"wp:attachment":[{"href":"https:\/\/ledyandrade.com\/index.php?rest_route=%2Fwp%2Fv2%2Fmedia&parent=39"}],"curies":[{"name":"wp","href":"https:\/\/api.w.org\/{rel}","templated":true}]}}