{"id":40,"date":"2022-08-07T12:14:59","date_gmt":"2022-08-07T12:14:59","guid":{"rendered":"https:\/\/testando.ledyandrade.com\/?page_id=40"},"modified":"2022-08-08T12:34:26","modified_gmt":"2022-08-08T12:34:26","slug":"upcoming-events","status":"publish","type":"page","link":"https:\/\/ledyandrade.com\/?page_id=40","title":{"rendered":"Eventos"},"content":{"rendered":"\n<hr class=\"wp-block-separator has-alpha-channel-opacity\"\/>\n\n\n\n<h5 class=\"has-text-align-left wp-block-heading\">Fique por dentro dos pr\u00f3ximos eventos e garanta a sua participa\u00e7\u00e3o:<\/h5>\n\n\n\n<script src=\"https:\/\/events.timely.fun\/embed.js\" data-src=\"https:\/\/events.timely.fun\/do4uei2z\/?lang=pt-BR\" data-max-height=\"0\"  id=\"timely_script\" class=\"timely-script\"><\/script>\n\n\n\n<div style=\"height:36px\" aria-hidden=\"true\" class=\"wp-block-spacer\"><\/div>\n\n\n\n<hr class=\"wp-block-separator has-alpha-channel-opacity\"\/>\n","protected":false},"excerpt":{"rendered":"<p>Fique por dentro dos pr\u00f3ximos eventos e garanta a sua participa\u00e7\u00e3o:<\/p>\n","protected":false},"author":1,"featured_media":0,"parent":0,"menu_order":0,"comment_status":"closed","ping_status":"closed","template":"","meta":{"neve_meta_sidebar":"","neve_meta_container":"","neve_meta_enable_content_width":"","neve_meta_content_width":0,"neve_meta_title_alignment":"","neve_meta_author_avatar":"","neve_post_elements_order":"","neve_meta_disable_header":"","neve_meta_disable_footer":"","neve_meta_disable_title":"","footnotes":""},"class_list":["post-40","page","type-page","status-publish","hentry"],"yoast_head":"<!-- This site is optimized with the Yoast SEO plugin v20.10 - https:\/\/yoast.com\/wordpress\/plugins\/seo\/ -->\n<title>Eventos - Ledy Andrade<\/title>\n<meta name=\"robots\" content=\"index, follow, max-snippet:-1, max-image-preview:large, max-video-preview:-1\" \/>\n<link rel=\"canonical\" href=\"https:\/\/ledyandrade.com\/?page_id=40\" \/>\n<meta property=\"og:locale\" content=\"en_US\" \/>\n<meta property=\"og:type\" content=\"article\" \/>\n<meta property=\"og:title\" content=\"Eventos - Ledy Andrade\" \/>\n<meta property=\"og:description\" content=\"Fique por dentro dos pr\u00f3ximos eventos e garanta a sua participa\u00e7\u00e3o:\" \/>\n<meta property=\"og:url\" content=\"https:\/\/ledyandrade.com\/?page_id=40\" \/>\n<meta property=\"og:site_name\" content=\"Ledy Andrade\" \/>\n<meta property=\"article:modified_time\" content=\"2022-08-08T12:34:26+00:00\" \/>\n<meta name=\"twitter:card\" content=\"summary_large_image\" \/>\n<meta name=\"twitter:label1\" content=\"Est. reading time\" \/>\n\t<meta name=\"twitter:data1\" content=\"1 minute\" \/>\n<script type=\"application\/ld+json\" class=\"yoast-schema-graph\">{\"@context\":\"https:\/\/schema.org\",\"@graph\":[{\"@type\":\"WebPage\",\"@id\":\"https:\/\/ledyandrade.com\/?page_id=40\",\"url\":\"https:\/\/ledyandrade.com\/?page_id=40\",\"name\":\"Eventos - Ledy Andrade\",\"isPartOf\":{\"@id\":\"https:\/\/ledyandrade.com\/#website\"},\"datePublished\":\"2022-08-07T12:14:59+00:00\",\"dateModified\":\"2022-08-08T12:34:26+00:00\",\"breadcrumb\":{\"@id\":\"https:\/\/ledyandrade.com\/?page_id=40#breadcrumb\"},\"inLanguage\":\"en-US\",\"potentialAction\":[{\"@type\":\"ReadAction\",\"target\":[\"https:\/\/ledyandrade.com\/?page_id=40\"]}]},{\"@type\":\"BreadcrumbList\",\"@id\":\"https:\/\/ledyandrade.com\/?page_id=40#breadcrumb\",\"itemListElement\":[{\"@type\":\"ListItem\",\"position\":1,\"name\":\"Home\",\"item\":\"https:\/\/ledyandrade.com\/\"},{\"@type\":\"ListItem\",\"position\":2,\"name\":\"Eventos\"}]},{\"@type\":\"WebSite\",\"@id\":\"https:\/\/ledyandrade.com\/#website\",\"url\":\"https:\/\/ledyandrade.com\/\",\"name\":\"Ledy Andrade\",\"description\":\"\",\"potentialAction\":[{\"@type\":\"SearchAction\",\"target\":{\"@type\":\"EntryPoint\",\"urlTemplate\":\"https:\/\/ledyandrade.com\/?s={search_term_string}\"},\"query-input\":\"required name=search_term_string\"}],\"inLanguage\":\"en-US\"}]}<\/script>\n<!-- \/ Yoast SEO plugin. -->","yoast_head_json":{"title":"Eventos - Ledy Andrade","robots":{"index":"index","follow":"follow","max-snippet":"max-snippet:-1","max-image-preview":"max-image-preview:large","max-video-preview":"max-video-preview:-1"},"canonical":"https:\/\/ledyandrade.com\/?page_id=40","og_locale":"en_US","og_type":"article","og_title":"Eventos - Ledy Andrade","og_description":"Fique por dentro dos pr\u00f3ximos eventos e garanta a sua participa\u00e7\u00e3o:","og_url":"https:\/\/ledyandrade.com\/?page_id=40","og_site_name":"Ledy Andrade","article_modified_time":"2022-08-08T12:34:26+00:00","twitter_card":"summary_large_image","twitter_misc":{"Est. reading time":"1 minute"},"schema":{"@context":"https:\/\/schema.org","@graph":[{"@type":"WebPage","@id":"https:\/\/ledyandrade.com\/?page_id=40","url":"https:\/\/ledyandrade.com\/?page_id=40","name":"Eventos - Ledy Andrade","isPartOf":{"@id":"https:\/\/ledyandrade.com\/#website"},"datePublished":"2022-08-07T12:14:59+00:00","dateModified":"2022-08-08T12:34:26+00:00","breadcrumb":{"@id":"https:\/\/ledyandrade.com\/?page_id=40#breadcrumb"},"inLanguage":"en-US","potentialAction":[{"@type":"ReadAction","target":["https:\/\/ledyandrade.com\/?page_id=40"]}]},{"@type":"BreadcrumbList","@id":"https:\/\/ledyandrade.com\/?page_id=40#breadcrumb","itemListElement":[{"@type":"ListItem","position":1,"name":"Home","item":"https:\/\/ledyandrade.com\/"},{"@type":"ListItem","position":2,"name":"Eventos"}]},{"@type":"WebSite","@id":"https:\/\/ledyandrade.com\/#website","url":"https:\/\/ledyandrade.com\/","name":"Ledy Andrade","description":"","potentialAction":[{"@type":"SearchAction","target":{"@type":"EntryPoint","urlTemplate":"https:\/\/ledyandrade.com\/?s={search_term_string}"},"query-input":"required name=search_term_string"}],"inLanguage":"en-US"}]}},"_links":{"self":[{"href":"https:\/\/ledyandrade.com\/index.php?rest_route=\/wp\/v2\/pages\/40","targetHints":{"allow":["GET"]}}],"collection":[{"href":"https:\/\/ledyandrade.com\/index.php?rest_route=\/wp\/v2\/pages"}],"about":[{"href":"https:\/\/ledyandrade.com\/index.php?rest_route=\/wp\/v2\/types\/page"}],"author":[{"embeddable":true,"href":"https:\/\/ledyandrade.com\/index.php?rest_route=\/wp\/v2\/users\/1"}],"replies":[{"embeddable":true,"href":"https:\/\/ledyandrade.com\/index.php?rest_route=%2Fwp%2Fv2%2Fcomments&post=40"}],"version-history":[{"count":0,"href":"https:\/\/ledyandrade.com\/index.php?rest_route=\/wp\/v2\/pages\/40\/revisions"}],"wp:attachment":[{"href":"https:\/\/ledyandrade.com\/index.php?rest_route=%2Fwp%2Fv2%2Fmedia&parent=40"}],"curies":[{"name":"wp","href":"https:\/\/api.w.org\/{rel}","templated":true}]}}