{"id":6,"date":"2022-08-06T19:03:31","date_gmt":"2022-08-06T19:03:31","guid":{"rendered":"https:\/\/testando.ledyandrade.com\/?page_id=6"},"modified":"2022-08-08T16:04:12","modified_gmt":"2022-08-08T16:04:12","slug":"home","status":"publish","type":"page","link":"https:\/\/ledyandrade.com\/","title":{"rendered":"Home"},"content":{"rendered":"\n<div class=\"wp-block-cover alignfull\" style=\"min-height:456px;aspect-ratio:unset;\"><span aria-hidden=\"true\" class=\"wp-block-cover__background has-background-dim-0 has-background-dim\"><\/span><img loading=\"lazy\" decoding=\"async\" width=\"1640\" height=\"924\" class=\"wp-block-cover__image-background wp-image-50\" alt=\"\" src=\"https:\/\/ledyandrade.com\/wp-content\/uploads\/2022\/08\/LEDY-ANDRADE-3.png\" style=\"object-position:50% 64%\" data-object-fit=\"cover\" data-object-position=\"50% 64%\" srcset=\"https:\/\/ledyandrade.com\/wp-content\/uploads\/2022\/08\/LEDY-ANDRADE-3.png 1640w, https:\/\/ledyandrade.com\/wp-content\/uploads\/2022\/08\/LEDY-ANDRADE-3-300x169.png 300w, https:\/\/ledyandrade.com\/wp-content\/uploads\/2022\/08\/LEDY-ANDRADE-3-1024x577.png 1024w, https:\/\/ledyandrade.com\/wp-content\/uploads\/2022\/08\/LEDY-ANDRADE-3-768x433.png 768w, https:\/\/ledyandrade.com\/wp-content\/uploads\/2022\/08\/LEDY-ANDRADE-3-1536x865.png 1536w\" sizes=\"auto, (max-width: 1640px) 100vw, 1640px\" \/><div class=\"wp-block-cover__inner-container is-layout-flow wp-block-cover-is-layout-flow\">\n<h6 class=\"has-text-align-center wp-block-heading\">Ledy Andrade<\/h6>\n\n\n\n<h2 class=\"alignfull has-text-align-center wp-block-heading\">Redesign de carreira &amp; vida<\/h2>\n<\/div><\/div>\n\n\n\n<div style=\"height:45px\" aria-hidden=\"true\" class=\"wp-block-spacer\"><\/div>\n\n\n\n<figure class=\"wp-block-pullquote has-text-align-center has-neve-text-color-color has-text-color\"><blockquote><p>&#8220;correr da vida embrulha tudo, a vida \u00e9 assim: esquenta, esfria, aperta e da\u00ed afrouxa, sossega e depois desinquieta. O que ela quer da gente \u00e9 coragem &#8211; Guimar\u00e3es Rosa<\/p><\/blockquote><\/figure>\n\n\n\n<div style=\"height:45px\" aria-hidden=\"true\" class=\"wp-block-spacer\"><\/div>\n\n\n\n<div class=\"wp-block-cover alignfull\" style=\"min-height:137px;aspect-ratio:unset;\"><span aria-hidden=\"true\" class=\"wp-block-cover__background has-nv-dark-bg-background-color has-background-dim-100 has-background-dim\"><\/span><div class=\"wp-block-cover__inner-container is-layout-flow wp-block-cover-is-layout-flow\">\n<div class=\"wp-block-group\"><div class=\"wp-block-group__inner-container is-layout-flow wp-block-group-is-layout-flow\">\n<h4 class=\"has-text-align-center wp-block-heading\">Cursos, Servi\u00e7os &amp; outros Canais<\/h4>\n<\/div><\/div>\n<\/div><\/div>\n\n\n\n\n\n\n\n<div style=\"height:197px\" aria-hidden=\"true\" class=\"wp-block-spacer\"><\/div>\n\n\n\n<div class=\"wp-block-cover alignfull\" style=\"min-height:1142px;aspect-ratio:unset;\"><span aria-hidden=\"true\" class=\"wp-block-cover__background has-nv-dark-bg-background-color has-background-dim-100 has-background-dim\"><\/span><div class=\"wp-block-cover__inner-container is-layout-flow wp-block-cover-is-layout-flow\">\n<div class=\"wp-block-group\"><div class=\"wp-block-group__inner-container is-layout-flow wp-block-group-is-layout-flow\">\n<div class=\"wp-block-columns alignfull are-vertically-aligned-top is-layout-flex wp-container-core-columns-is-layout-9d6595d7 wp-block-columns-is-layout-flex\">\n<div class=\"wp-block-column is-vertically-aligned-top is-layout-flow wp-block-column-is-layout-flow\" style=\"flex-basis:50%\"><div class=\"wp-block-image\">\n<figure class=\"alignleft size-full is-resized\"><img loading=\"lazy\" decoding=\"async\" src=\"http:\/\/ledyandrade.com\/wp-content\/uploads\/2022\/08\/Design-sem-nome-11.png\" alt=\"\" class=\"wp-image-69\" width=\"463\" height=\"463\" srcset=\"https:\/\/ledyandrade.com\/wp-content\/uploads\/2022\/08\/Design-sem-nome-11.png 256w, https:\/\/ledyandrade.com\/wp-content\/uploads\/2022\/08\/Design-sem-nome-11-150x150.png 150w\" sizes=\"auto, (max-width: 463px) 100vw, 463px\" \/><\/figure>\n<\/div><\/div>\n\n\n\n<div class=\"wp-block-column is-vertically-aligned-top is-layout-flow wp-block-column-is-layout-flow\" style=\"flex-basis:50%\">\n<h3 class=\"has-text-align-left has-nv-text-dark-bg-color has-text-color wp-block-heading\">Quem \u00e9 a Ledy?<\/h3>\n\n\n\n<p>Uma mistura de calmaria com movimento. Uma alma inquieta que se alimenta de mudan\u00e7a. Prazer, essa sou eu, Ledy Andrade.<\/p>\n\n\n\n<p>Um ser um tanto complexo (quem n\u00e3o \u00e9), com sonhos diversos e que est\u00e1 disposta a viver eles todos.<\/p>\n\n\n\n<p>J\u00e1 realizei in\u00fameras (algumas grandes outras pequenas) transi\u00e7\u00f5es de carreira, o desafio do desconhecido brilha os meus olhos, a possibilidade de reajustar me d\u00e1 calma.<\/p>\n\n\n\n<blockquote class=\"wp-block-quote is-layout-flow wp-block-quote-is-layout-flow\"><p><strong>A mudan\u00e7a \u00e9 a minha ess\u00eancia, o combust\u00edvel da minha alma.<\/strong><\/p><\/blockquote>\n\n\n\n<p>Tenho um olhar sens\u00edvel para a voz, hist\u00f3ria e talentos do outro. Conecto pontos, crio caminhos, reajusto rotas, transbordo o que est\u00e1 aqui dentro atrav\u00e9s da escrita.<\/p>\n\n\n\n<p><strong>Meu prop\u00f3sito como profissional \u00e9 impulsionar o movimento. <\/strong>Vivo ele a todo instante, me construindo e desconstruindo, quase como uma dan\u00e7a sem fim. Eu vou criando o meu espa\u00e7o e nesse caminho direciono outras pessoas a fazerem o mesmo. <strong>Incentivadora de criar uma jornada com a sua pr\u00f3pria voz, ouvindo o seu desejo, respeitando a sua verdade.<\/strong><\/p>\n\n\n\n<p>A mudan\u00e7a \u00e9 a minha ess\u00eancia, o combust\u00edvel da minha alma.<\/p>\n\n\n\n<p>Por que ter uma vida se podemos ter v\u00e1rias? Por que ser uma coisa se podemos ser v\u00e1rias?<\/p>\n\n\n\n<p><strong>Curiosidades sobre mim<\/strong>: de Ca\u00e7ador, interior de Santa Catarina, uma pessoa que tinha um plano de vida desenhado mas que se desapegou e recome\u00e7ou algumas vezes. Hoje moro no interior da Irlanda, amanh\u00e3 ainda n\u00e3o sei. Sou completamente apaixonada pelo desenvolvimento humano, seu comportamento e complexidade, pela natureza, e por recome\u00e7os. Amo escrever e compartilhar com as pessoas, um dia quero ter um livro publicado. Me realizo vendo as pessoas se reapossando de seus sonhos e de sua voz. Amo um Brunch, n\u00e3o recuso caf\u00e9 e adoro experimentar cervejas artesanais. Tenho um filho de 4 patas e um dia vou viajar esse mundo de motorhome.<\/p>\n<\/div>\n<\/div>\n<\/div><\/div>\n<\/div><\/div>\n\n\n\n<div style=\"height:52px\" aria-hidden=\"true\" class=\"wp-block-spacer\"><\/div>\n\n\n\n<figure class=\"wp-block-pullquote\"><blockquote><p><\/p><\/blockquote><\/figure>\n\n\n\n<div style=\"height:52px\" aria-hidden=\"true\" class=\"wp-block-spacer\"><\/div>\n\n\n\n<div class=\"wp-block-cover alignfull\" style=\"min-height:124px;aspect-ratio:unset;\"><span aria-hidden=\"true\" class=\"wp-block-cover__background has-nv-dark-bg-background-color has-background-dim-100 has-background-dim\"><\/span><div class=\"wp-block-cover__inner-container is-layout-flow wp-block-cover-is-layout-flow\">\n<h3 class=\"has-text-align-center wp-block-heading\">Quem j\u00e1 fez, o que diz?<\/h3>\n\n\n\n<div style=\"height:0px\" aria-hidden=\"true\" class=\"wp-block-spacer\"><\/div>\n<\/div><\/div>\n\n\n\n<div style=\"height:60px\" aria-hidden=\"true\" class=\"wp-block-spacer\"><\/div>\n\n\n\n<div class=\"wp-block-group\"><div class=\"wp-block-group__inner-container is-layout-flow wp-block-group-is-layout-flow\">\n<h2 class=\"has-text-align-center wp-block-heading\">Testimonials<\/h2>\n\n\n\n<hr class=\"wp-block-separator has-text-color has-neve-button-color-color has-css-opacity has-neve-button-color-background-color has-background is-style-default\"\/>\n\n\n\n<div class=\"wp-block-columns is-layout-flex wp-container-core-columns-is-layout-9d6595d7 wp-block-columns-is-layout-flex\">\n<div class=\"wp-block-column is-layout-flow wp-block-column-is-layout-flow\"><div class=\"wp-block-image\">\n<figure class=\"aligncenter is-resized\"><img loading=\"lazy\" decoding=\"async\" src=\"https:\/\/ledyandrade.com\/wp-content\/themes\/neve\/assets\/img\/patterns\/otter-blocks-img-03.png\" alt=\"\" width=\"80\" height=\"80\"\/><\/figure>\n<\/div>\n\n\n<p class=\"has-text-align-center\"><strong>Jason Stobbard<\/strong><\/p>\n\n\n\n<p class=\"has-text-align-center\"><em>&#8220;&#8230;Absolutely fantastic work, many thanks for the perfect collaboration so far, very much appreciated!&#8230;&#8221;<\/em><\/p>\n<\/div>\n\n\n\n<div class=\"wp-block-column is-layout-flow wp-block-column-is-layout-flow\"><div class=\"wp-block-image\">\n<figure class=\"aligncenter is-resized\"><img loading=\"lazy\" decoding=\"async\" src=\"https:\/\/ledyandrade.com\/wp-content\/themes\/neve\/assets\/img\/patterns\/otter-blocks-img-02.png\" alt=\"\" width=\"80\" height=\"80\"\/><\/figure>\n<\/div>\n\n\n<p class=\"has-text-align-center\"><strong>Jane Austin<\/strong><\/p>\n\n\n\n<p class=\"has-text-align-center\"><em>&#8220;&#8230; I love this team! They did fantastic work, many thanks for the perfect collaboration so far, very much appreciated!&#8230;&#8221;<\/em><\/p>\n<\/div>\n\n\n\n<div class=\"wp-block-column is-layout-flow wp-block-column-is-layout-flow\"><div class=\"wp-block-image\">\n<figure class=\"aligncenter is-resized\"><img loading=\"lazy\" decoding=\"async\" src=\"https:\/\/ledyandrade.com\/wp-content\/themes\/neve\/assets\/img\/patterns\/otter-blocks-img-03.png\" alt=\"\" width=\"80\" height=\"80\"\/><\/figure>\n<\/div>\n\n\n<p class=\"has-text-align-center\"><strong>Jason Stobbard<\/strong><\/p>\n\n\n\n<p class=\"has-text-align-center\"><em>&#8220;&#8230;Absolutely fantastic work, many thanks for the perfect collaboration so far, very much appreciated!&#8230;&#8221;<\/em><\/p>\n<\/div>\n<\/div>\n<\/div><\/div>\n\n\n\n<div class=\"wp-block-cover alignfull\" style=\"min-height:300px;aspect-ratio:unset;\"><span aria-hidden=\"true\" class=\"wp-block-cover__background has-nv-dark-bg-background-color has-background-dim-100 has-background-dim\"><\/span><div class=\"wp-block-cover__inner-container is-layout-flow wp-block-cover-is-layout-flow\">\n<div style=\"height:9px\" aria-hidden=\"true\" class=\"wp-block-spacer\"><\/div>\n\n\n\n<p class=\"has-text-align-center has-medium-font-size\">&#8220;<em style=\"font-weight: bold;\">Abra espa\u00e7o para a mudan\u00e7a <em>mas n\u00e3o abra m\u00e3o de seus valores\u201d. -Dalai Lama<\/em><\/em>.&#8221;<\/p>\n\n\n\n<div class=\"wp-block-buttons is-content-justification-center is-layout-flex wp-container-core-buttons-is-layout-16018d1d wp-block-buttons-is-layout-flex\"><\/div>\n\n\n\n<div style=\"height:0px\" aria-hidden=\"true\" class=\"wp-block-spacer\"><\/div>\n<\/div><\/div>\n\n\n\n<ul class=\"wp-block-social-links aligncenter has-large-icon-size is-content-justification-center is-layout-flex wp-container-core-social-links-is-layout-16018d1d wp-block-social-links-is-layout-flex\">\n\n\n\n\n\n<\/ul>\n\n\n\n<p><\/p>\n","protected":false},"excerpt":{"rendered":"<p>&#8220;correr da vida embrulha tudo, a vida \u00e9 assim: esquenta, esfria, aperta e da\u00ed afrouxa, sossega e depois desinquieta. O que ela quer da gente \u00e9 coragem &#8211; Guimar\u00e3es Rosa Testimonials Jason Stobbard &#8220;&#8230;Absolutely fantastic work, many thanks for the perfect collaboration so far, very much appreciated!&#8230;&#8221; Jane Austin &#8220;&#8230; I love this team! They&hellip;&nbsp;<a href=\"https:\/\/ledyandrade.com\/\" class=\"\" rel=\"bookmark\">Read More &raquo;<span class=\"screen-reader-text\">Home<\/span><\/a><\/p>\n","protected":false},"author":1,"featured_media":0,"parent":0,"menu_order":0,"comment_status":"closed","ping_status":"closed","template":"","meta":{"neve_meta_sidebar":"","neve_meta_container":"","neve_meta_enable_content_width":"","neve_meta_content_width":0,"neve_meta_title_alignment":"","neve_meta_author_avatar":"","neve_post_elements_order":"","neve_meta_disable_header":"","neve_meta_disable_footer":"","neve_meta_disable_title":"","footnotes":""},"class_list":["post-6","page","type-page","status-publish","hentry"],"yoast_head":"<!-- This site is optimized with the Yoast SEO plugin v20.10 - https:\/\/yoast.com\/wordpress\/plugins\/seo\/ -->\n<title>Home - Ledy Andrade<\/title>\n<meta name=\"robots\" content=\"index, follow, max-snippet:-1, max-image-preview:large, max-video-preview:-1\" \/>\n<link rel=\"canonical\" href=\"https:\/\/ledyandrade.com\/\" \/>\n<meta property=\"og:locale\" content=\"en_US\" \/>\n<meta property=\"og:type\" content=\"article\" \/>\n<meta property=\"og:title\" content=\"Home - Ledy Andrade\" \/>\n<meta property=\"og:description\" content=\"&#8220;correr da vida embrulha tudo, a vida \u00e9 assim: esquenta, esfria, aperta e da\u00ed afrouxa, sossega e depois desinquieta. O que ela quer da gente \u00e9 coragem &#8211; Guimar\u00e3es Rosa Testimonials Jason Stobbard &#8220;&#8230;Absolutely fantastic work, many thanks for the perfect collaboration so far, very much appreciated!&#8230;&#8221; Jane Austin &#8220;&#8230; I love this team! They&hellip;&nbsp;Read More &raquo;Home\" \/>\n<meta property=\"og:url\" content=\"https:\/\/ledyandrade.com\/\" \/>\n<meta property=\"og:site_name\" content=\"Ledy Andrade\" \/>\n<meta property=\"article:modified_time\" content=\"2022-08-08T16:04:12+00:00\" \/>\n<meta property=\"og:image\" content=\"https:\/\/ledyandrade.com\/wp-content\/uploads\/2022\/08\/LEDY-ANDRADE-3.png\" \/>\n<meta name=\"twitter:card\" content=\"summary_large_image\" \/>\n<meta name=\"twitter:label1\" content=\"Est. reading time\" \/>\n\t<meta name=\"twitter:data1\" content=\"3 minutes\" \/>\n<script type=\"application\/ld+json\" class=\"yoast-schema-graph\">{\"@context\":\"https:\/\/schema.org\",\"@graph\":[{\"@type\":\"WebPage\",\"@id\":\"https:\/\/ledyandrade.com\/\",\"url\":\"https:\/\/ledyandrade.com\/\",\"name\":\"Home - Ledy Andrade\",\"isPartOf\":{\"@id\":\"https:\/\/ledyandrade.com\/#website\"},\"datePublished\":\"2022-08-06T19:03:31+00:00\",\"dateModified\":\"2022-08-08T16:04:12+00:00\",\"breadcrumb\":{\"@id\":\"https:\/\/ledyandrade.com\/#breadcrumb\"},\"inLanguage\":\"en-US\",\"potentialAction\":[{\"@type\":\"ReadAction\",\"target\":[\"https:\/\/ledyandrade.com\/\"]}]},{\"@type\":\"BreadcrumbList\",\"@id\":\"https:\/\/ledyandrade.com\/#breadcrumb\",\"itemListElement\":[{\"@type\":\"ListItem\",\"position\":1,\"name\":\"Home\",\"item\":\"https:\/\/ledyandrade.com\/\"},{\"@type\":\"ListItem\",\"position\":2,\"name\":\"Home\"}]},{\"@type\":\"WebSite\",\"@id\":\"https:\/\/ledyandrade.com\/#website\",\"url\":\"https:\/\/ledyandrade.com\/\",\"name\":\"Ledy Andrade\",\"description\":\"\",\"potentialAction\":[{\"@type\":\"SearchAction\",\"target\":{\"@type\":\"EntryPoint\",\"urlTemplate\":\"https:\/\/ledyandrade.com\/?s={search_term_string}\"},\"query-input\":\"required name=search_term_string\"}],\"inLanguage\":\"en-US\"}]}<\/script>\n<!-- \/ Yoast SEO plugin. -->","yoast_head_json":{"title":"Home - Ledy Andrade","robots":{"index":"index","follow":"follow","max-snippet":"max-snippet:-1","max-image-preview":"max-image-preview:large","max-video-preview":"max-video-preview:-1"},"canonical":"https:\/\/ledyandrade.com\/","og_locale":"en_US","og_type":"article","og_title":"Home - Ledy Andrade","og_description":"&#8220;correr da vida embrulha tudo, a vida \u00e9 assim: esquenta, esfria, aperta e da\u00ed afrouxa, sossega e depois desinquieta. O que ela quer da gente \u00e9 coragem &#8211; Guimar\u00e3es Rosa Testimonials Jason Stobbard &#8220;&#8230;Absolutely fantastic work, many thanks for the perfect collaboration so far, very much appreciated!&#8230;&#8221; Jane Austin &#8220;&#8230; I love this team! They&hellip;&nbsp;Read More &raquo;Home","og_url":"https:\/\/ledyandrade.com\/","og_site_name":"Ledy Andrade","article_modified_time":"2022-08-08T16:04:12+00:00","og_image":[{"url":"https:\/\/ledyandrade.com\/wp-content\/uploads\/2022\/08\/LEDY-ANDRADE-3.png"}],"twitter_card":"summary_large_image","twitter_misc":{"Est. reading time":"3 minutes"},"schema":{"@context":"https:\/\/schema.org","@graph":[{"@type":"WebPage","@id":"https:\/\/ledyandrade.com\/","url":"https:\/\/ledyandrade.com\/","name":"Home - Ledy Andrade","isPartOf":{"@id":"https:\/\/ledyandrade.com\/#website"},"datePublished":"2022-08-06T19:03:31+00:00","dateModified":"2022-08-08T16:04:12+00:00","breadcrumb":{"@id":"https:\/\/ledyandrade.com\/#breadcrumb"},"inLanguage":"en-US","potentialAction":[{"@type":"ReadAction","target":["https:\/\/ledyandrade.com\/"]}]},{"@type":"BreadcrumbList","@id":"https:\/\/ledyandrade.com\/#breadcrumb","itemListElement":[{"@type":"ListItem","position":1,"name":"Home","item":"https:\/\/ledyandrade.com\/"},{"@type":"ListItem","position":2,"name":"Home"}]},{"@type":"WebSite","@id":"https:\/\/ledyandrade.com\/#website","url":"https:\/\/ledyandrade.com\/","name":"Ledy Andrade","description":"","potentialAction":[{"@type":"SearchAction","target":{"@type":"EntryPoint","urlTemplate":"https:\/\/ledyandrade.com\/?s={search_term_string}"},"query-input":"required name=search_term_string"}],"inLanguage":"en-US"}]}},"_links":{"self":[{"href":"https:\/\/ledyandrade.com\/index.php?rest_route=\/wp\/v2\/pages\/6","targetHints":{"allow":["GET"]}}],"collection":[{"href":"https:\/\/ledyandrade.com\/index.php?rest_route=\/wp\/v2\/pages"}],"about":[{"href":"https:\/\/ledyandrade.com\/index.php?rest_route=\/wp\/v2\/types\/page"}],"author":[{"embeddable":true,"href":"https:\/\/ledyandrade.com\/index.php?rest_route=\/wp\/v2\/users\/1"}],"replies":[{"embeddable":true,"href":"https:\/\/ledyandrade.com\/index.php?rest_route=%2Fwp%2Fv2%2Fcomments&post=6"}],"version-history":[{"count":0,"href":"https:\/\/ledyandrade.com\/index.php?rest_route=\/wp\/v2\/pages\/6\/revisions"}],"wp:attachment":[{"href":"https:\/\/ledyandrade.com\/index.php?rest_route=%2Fwp%2Fv2%2Fmedia&parent=6"}],"curies":[{"name":"wp","href":"https:\/\/api.w.org\/{rel}","templated":true}]}}